{"id":11285,"date":"2022-02-20T10:39:03","date_gmt":"2022-02-20T09:39:03","guid":{"rendered":"http:\/\/kljbhols.sp-kunde.de\/2022-1\/?page_id=11285"},"modified":"2022-11-02T11:09:44","modified_gmt":"2022-11-02T10:09:44","slug":"zelte-und-freizeitmaterial","status":"publish","type":"page","link":"https:\/\/kljb-holstein.de\/2022-1\/zelte-und-freizeitmaterial\/","title":{"rendered":"Zelte und Freizeitmaterial"},"content":{"rendered":"\n<p>Im Bestand sind diverse Zelte, Bierzeltgarnituren, und K\u00fcchenmaterial.<\/p>\n\n\n\n<p>Zelte: 15 x SG 20 wei\u00df, 2 x SG18 wei\u00df, 1x SG 20 oliv, 1x SG 30 oliv, 1x 50qm Zelt wei\u00df,1x 60qm Zelt Plane, 6x Rundzelte 4m, 3x Doppelwandzelt Assisi, 3x 4 Season, 1x SG 18 K\u00fcche<\/p>\n\n\n\n<p>ca. 20x Bierzeltgarnituren, Teller, T\u00f6pfe, Besteck,&#8230; f\u00fcr ca. 130 Personen<\/p>\n\n\n\n<figure class=\"wp-block-image size-full\"><img loading=\"lazy\" decoding=\"async\" width=\"448\" height=\"336\" src=\"https:\/\/kljb-holstein.de\/2022-1\/wp-content\/uploads\/2022\/11\/SG-30.jpg\" alt=\"\" class=\"wp-image-11604\"\/><\/figure>\n","protected":false},"excerpt":{"rendered":"<p>Im Bestand sind diverse Zelte, Bierzeltgarnituren, und K\u00fcchenmaterial. Zelte: 15 x SG 20 wei\u00df, 2 x SG18 wei\u00df, 1x SG 20 oliv, 1x SG 30 oliv, 1x 50qm Zelt wei\u00df,1x 60qm Zelt Plane, 6x Rundzelte 4m, 3x Doppelwandzelt Assisi, 3x 4 Season, 1x SG 18 K\u00fcche ca. 20x Bierzeltgarnituren, Teller, T\u00f6pfe, Besteck,&#8230; f\u00fcr ca. 130 [&hellip;]<\/p>\n","protected":false},"author":2,"featured_media":0,"parent":0,"menu_order":0,"comment_status":"closed","ping_status":"closed","template":"","meta":{"footnotes":""},"class_list":["post-11285","page","type-page","status-publish","hentry"],"_links":{"self":[{"href":"https:\/\/kljb-holstein.de\/2022-1\/wp-json\/wp\/v2\/pages\/11285","targetHints":{"allow":["GET"]}}],"collection":[{"href":"https:\/\/kljb-holstein.de\/2022-1\/wp-json\/wp\/v2\/pages"}],"about":[{"href":"https:\/\/kljb-holstein.de\/2022-1\/wp-json\/wp\/v2\/types\/page"}],"author":[{"embeddable":true,"href":"https:\/\/kljb-holstein.de\/2022-1\/wp-json\/wp\/v2\/users\/2"}],"replies":[{"embeddable":true,"href":"https:\/\/kljb-holstein.de\/2022-1\/wp-json\/wp\/v2\/comments?post=11285"}],"version-history":[{"count":3,"href":"https:\/\/kljb-holstein.de\/2022-1\/wp-json\/wp\/v2\/pages\/11285\/revisions"}],"predecessor-version":[{"id":11607,"href":"https:\/\/kljb-holstein.de\/2022-1\/wp-json\/wp\/v2\/pages\/11285\/revisions\/11607"}],"wp:attachment":[{"href":"https:\/\/kljb-holstein.de\/2022-1\/wp-json\/wp\/v2\/media?parent=11285"}],"curies":[{"name":"wp","href":"https:\/\/api.w.org\/{rel}","templated":true}]}}